{"id":1940,"date":"2025-05-30T08:57:20","date_gmt":"2025-05-30T11:57:20","guid":{"rendered":"https:\/\/produtosmakemais.com.br\/teste\/?page_id=1940"},"modified":"2026-04-14T08:58:28","modified_gmt":"2026-04-14T11:58:28","slug":"sobre-nos","status":"publish","type":"page","link":"https:\/\/produtosmakemais.com.br\/teste\/sobre-nos\/","title":{"rendered":"Sobre N\u00f3s"},"content":{"rendered":"\t\t<div data-elementor-type=\"wp-page\" data-elementor-id=\"1940\" class=\"elementor elementor-1940\" data-elementor-settings=\"{&quot;element_pack_global_tooltip_width&quot;:{&quot;unit&quot;:&quot;px&quot;,&quot;size&quot;:&quot;&quot;,&quot;sizes&quot;:[]},&quot;element_pack_global_tooltip_width_tablet&quot;:{&quot;unit&quot;:&quot;px&quot;,&quot;size&quot;:&quot;&quot;,&quot;sizes&quot;:[]},&quot;element_pack_global_tooltip_width_mobile&quot;:{&quot;unit&quot;:&quot;px&quot;,&quot;size&quot;:&quot;&quot;,&quot;sizes&quot;:[]},&quot;element_pack_global_tooltip_padding&quot;:{&quot;unit&quot;:&quot;px&quot;,&quot;top&quot;:&quot;&quot;,&quot;right&quot;:&quot;&quot;,&quot;bottom&quot;:&quot;&quot;,&quot;left&quot;:&quot;&quot;,&quot;isLinked&quot;:true},&quot;element_pack_global_tooltip_padding_tablet&quot;:{&quot;unit&quot;:&quot;px&quot;,&quot;top&quot;:&quot;&quot;,&quot;right&quot;:&quot;&quot;,&quot;bottom&quot;:&quot;&quot;,&quot;left&quot;:&quot;&quot;,&quot;isLinked&quot;:true},&quot;element_pack_global_tooltip_padding_mobile&quot;:{&quot;unit&quot;:&quot;px&quot;,&quot;top&quot;:&quot;&quot;,&quot;right&quot;:&quot;&quot;,&quot;bottom&quot;:&quot;&quot;,&quot;left&quot;:&quot;&quot;,&quot;isLinked&quot;:true},&quot;element_pack_global_tooltip_border_radius&quot;:{&quot;unit&quot;:&quot;px&quot;,&quot;top&quot;:&quot;&quot;,&quot;right&quot;:&quot;&quot;,&quot;bottom&quot;:&quot;&quot;,&quot;left&quot;:&quot;&quot;,&quot;isLinked&quot;:true},&quot;element_pack_global_tooltip_border_radius_tablet&quot;:{&quot;unit&quot;:&quot;px&quot;,&quot;top&quot;:&quot;&quot;,&quot;right&quot;:&quot;&quot;,&quot;bottom&quot;:&quot;&quot;,&quot;left&quot;:&quot;&quot;,&quot;isLinked&quot;:true},&quot;element_pack_global_tooltip_border_radius_mobile&quot;:{&quot;unit&quot;:&quot;px&quot;,&quot;top&quot;:&quot;&quot;,&quot;right&quot;:&quot;&quot;,&quot;bottom&quot;:&quot;&quot;,&quot;left&quot;:&quot;&quot;,&quot;isLinked&quot;:true}}\" data-elementor-post-type=\"page\">\n\t\t\t\t<div class=\"elementor-element elementor-element-706d548 e-flex e-con-boxed e-con e-parent\" data-id=\"706d548\" data-element_type=\"container\" data-e-type=\"container\" data-settings=\"{&quot;background_background&quot;:&quot;classic&quot;}\">\n\t\t\t\t\t<div class=\"e-con-inner\">\n\t\t<div class=\"elementor-element elementor-element-99d0a79 e-con-full e-flex e-con e-child\" data-id=\"99d0a79\" data-element_type=\"container\" data-e-type=\"container\" data-settings=\"{&quot;background_background&quot;:&quot;classic&quot;}\">\n\t\t\t\t<div class=\"elementor-element elementor-element-0da3843 elementor-widget elementor-widget-heading\" data-id=\"0da3843\" data-element_type=\"widget\" data-e-type=\"widget\" data-widget_type=\"heading.default\">\n\t\t\t\t\t<h2 class=\"elementor-heading-title elementor-size-default\">Quem somos?<\/h2>\t\t\t\t<\/div>\n\t\t\t\t<\/div>\n\t\t<div class=\"elementor-element elementor-element-2eca838 e-con-full elementor-hidden-desktop elementor-hidden-tablet elementor-hidden-mobile e-flex e-con e-child\" data-id=\"2eca838\" data-element_type=\"container\" data-e-type=\"container\" data-settings=\"{&quot;background_background&quot;:&quot;classic&quot;}\">\n\t\t\t\t<\/div>\n\t\t<div class=\"elementor-element elementor-element-1f7e34f e-con-full e-flex e-con e-child\" data-id=\"1f7e34f\" data-element_type=\"container\" data-e-type=\"container\">\n\t\t\t\t<div class=\"elementor-element elementor-element-2dea96f elementor-widget__width-initial elementor-widget-mobile__width-inherit elementor-widget elementor-widget-text-editor\" data-id=\"2dea96f\" data-element_type=\"widget\" data-e-type=\"widget\" data-widget_type=\"text-editor.default\">\n\t\t\t\t\t\t\t\t\tSomos mais que uma empresa, somos uma promessa. Comprometidos com a excel\u00eancia, inova\u00e7\u00e3o e satisfa\u00e7\u00e3o do cliente, cada dia na MAKE+ \u00e9 dedicado a superar expectativas. Nossa miss\u00e3o \u00e9 criar experi\u00eancias memor\u00e1veis e solu\u00e7\u00f5es que fazem a diferen\u00e7a. Conhe\u00e7a-nos e descubra o que torna a MAKE+ \u00fanica.\t\t\t\t\t\t\t\t<\/div>\n\t\t\t\t<div class=\"elementor-element elementor-element-15f3717 elementor-widget__width-initial elementor-widget-mobile__width-inherit elementor-widget elementor-widget-text-editor\" data-id=\"15f3717\" data-element_type=\"widget\" data-e-type=\"widget\" data-widget_type=\"text-editor.default\">\n\t\t\t\t\t\t\t\t\t<h3 data-section-id=\"1qojs43\" data-start=\"132\" data-end=\"147\">\u00a0Miss\u00e3o<\/h3><p data-start=\"148\" data-end=\"340\">Impulsionar resultados dos nossos clientes por meio de solu\u00e7\u00f5es criativas, estrat\u00e9gicas e acess\u00edveis, oferecendo produtos e servi\u00e7os que elevam a presen\u00e7a e o desempenho das marcas no mercado.<\/p><h3 data-section-id=\"1c0eq6v\" data-start=\"347\" data-end=\"361\">\u00a0Vis\u00e3o<\/h3><p data-start=\"362\" data-end=\"514\">Ser refer\u00eancia nacional em inova\u00e7\u00e3o e qualidade no fornecimento de solu\u00e7\u00f5es para empresas, sendo reconhecida por transformar ideias em resultados reais.<\/p><h3 data-section-id=\"17fpe11\" data-start=\"521\" data-end=\"537\">\u00a0Valores<\/h3><p><strong data-start=\"540\" data-end=\"562\">Inova\u00e7\u00e3o constante<\/strong> \u2013 buscamos sempre o novo para gerar impacto.<\/p><p><strong data-start=\"612\" data-end=\"642\">Compromisso com resultados<\/strong> \u2013 o sucesso do cliente \u00e9 o nosso sucesso.<\/p><p><strong data-start=\"689\" data-end=\"718\">Qualidade em cada detalhe<\/strong> \u2013 entregamos excel\u00eancia em tudo o que fazemos.<\/p><p><strong data-start=\"770\" data-end=\"799\">Transpar\u00eancia e confian\u00e7a<\/strong> \u2013 rela\u00e7\u00f5es claras e duradouras.<\/p><p><strong data-start=\"836\" data-end=\"863\">Agilidade e praticidade<\/strong> \u2013 solu\u00e7\u00f5es r\u00e1pidas e eficientes para o dia a dia.<\/p><p><strong data-start=\"918\" data-end=\"937\">Foco no cliente<\/strong> \u2013 entendemos para atender melhor.<\/p>\t\t\t\t\t\t\t\t<\/div>\n\t\t\t\t<\/div>\n\t\t\t\t\t<\/div>\n\t\t\t\t<\/div>\n\t\t\t\t<\/div>\n\t\t","protected":false},"excerpt":{"rendered":"<p>Quem somos? Somos mais que uma empresa, somos uma promessa. Comprometidos com a excel\u00eancia, inova\u00e7\u00e3o e satisfa\u00e7\u00e3o do cliente, cada dia na MAKE+ \u00e9 dedicado a superar expectativas. Nossa miss\u00e3o \u00e9 criar experi\u00eancias memor\u00e1veis e solu\u00e7\u00f5es que fazem a diferen\u00e7a. Conhe\u00e7a-nos e descubra o que torna a MAKE+ \u00fanica. \u00a0Miss\u00e3o Impulsionar resultados dos nossos clientes [&hellip;]<\/p>\n","protected":false},"author":1,"featured_media":0,"parent":0,"menu_order":0,"comment_status":"closed","ping_status":"closed","template":"elementor_header_footer","meta":{"footnotes":""},"class_list":["post-1940","page","type-page","status-publish","hentry"],"_links":{"self":[{"href":"https:\/\/produtosmakemais.com.br\/teste\/wp-json\/wp\/v2\/pages\/1940","targetHints":{"allow":["GET"]}}],"collection":[{"href":"https:\/\/produtosmakemais.com.br\/teste\/wp-json\/wp\/v2\/pages"}],"about":[{"href":"https:\/\/produtosmakemais.com.br\/teste\/wp-json\/wp\/v2\/types\/page"}],"author":[{"embeddable":true,"href":"https:\/\/produtosmakemais.com.br\/teste\/wp-json\/wp\/v2\/users\/1"}],"replies":[{"embeddable":true,"href":"https:\/\/produtosmakemais.com.br\/teste\/wp-json\/wp\/v2\/comments?post=1940"}],"version-history":[{"count":100,"href":"https:\/\/produtosmakemais.com.br\/teste\/wp-json\/wp\/v2\/pages\/1940\/revisions"}],"predecessor-version":[{"id":15377,"href":"https:\/\/produtosmakemais.com.br\/teste\/wp-json\/wp\/v2\/pages\/1940\/revisions\/15377"}],"wp:attachment":[{"href":"https:\/\/produtosmakemais.com.br\/teste\/wp-json\/wp\/v2\/media?parent=1940"}],"curies":[{"name":"wp","href":"https:\/\/api.w.org\/{rel}","templated":true}]}}