{"id":2324,"date":"2025-06-03T09:44:01","date_gmt":"2025-06-03T12:44:01","guid":{"rendered":"https:\/\/produtosmakemais.com.br\/teste\/?page_id=2324"},"modified":"2026-04-13T16:02:00","modified_gmt":"2026-04-13T19:02:00","slug":"trabalhe-conosco","status":"publish","type":"page","link":"https:\/\/produtosmakemais.com.br\/teste\/trabalhe-conosco\/","title":{"rendered":"Trabalhe Conosco"},"content":{"rendered":"\t\t<div data-elementor-type=\"wp-page\" data-elementor-id=\"2324\" class=\"elementor elementor-2324\" data-elementor-settings=\"{&quot;element_pack_global_tooltip_width&quot;:{&quot;unit&quot;:&quot;px&quot;,&quot;size&quot;:&quot;&quot;,&quot;sizes&quot;:[]},&quot;element_pack_global_tooltip_width_tablet&quot;:{&quot;unit&quot;:&quot;px&quot;,&quot;size&quot;:&quot;&quot;,&quot;sizes&quot;:[]},&quot;element_pack_global_tooltip_width_mobile&quot;:{&quot;unit&quot;:&quot;px&quot;,&quot;size&quot;:&quot;&quot;,&quot;sizes&quot;:[]},&quot;element_pack_global_tooltip_padding&quot;:{&quot;unit&quot;:&quot;px&quot;,&quot;top&quot;:&quot;&quot;,&quot;right&quot;:&quot;&quot;,&quot;bottom&quot;:&quot;&quot;,&quot;left&quot;:&quot;&quot;,&quot;isLinked&quot;:true},&quot;element_pack_global_tooltip_padding_tablet&quot;:{&quot;unit&quot;:&quot;px&quot;,&quot;top&quot;:&quot;&quot;,&quot;right&quot;:&quot;&quot;,&quot;bottom&quot;:&quot;&quot;,&quot;left&quot;:&quot;&quot;,&quot;isLinked&quot;:true},&quot;element_pack_global_tooltip_padding_mobile&quot;:{&quot;unit&quot;:&quot;px&quot;,&quot;top&quot;:&quot;&quot;,&quot;right&quot;:&quot;&quot;,&quot;bottom&quot;:&quot;&quot;,&quot;left&quot;:&quot;&quot;,&quot;isLinked&quot;:true},&quot;element_pack_global_tooltip_border_radius&quot;:{&quot;unit&quot;:&quot;px&quot;,&quot;top&quot;:&quot;&quot;,&quot;right&quot;:&quot;&quot;,&quot;bottom&quot;:&quot;&quot;,&quot;left&quot;:&quot;&quot;,&quot;isLinked&quot;:true},&quot;element_pack_global_tooltip_border_radius_tablet&quot;:{&quot;unit&quot;:&quot;px&quot;,&quot;top&quot;:&quot;&quot;,&quot;right&quot;:&quot;&quot;,&quot;bottom&quot;:&quot;&quot;,&quot;left&quot;:&quot;&quot;,&quot;isLinked&quot;:true},&quot;element_pack_global_tooltip_border_radius_mobile&quot;:{&quot;unit&quot;:&quot;px&quot;,&quot;top&quot;:&quot;&quot;,&quot;right&quot;:&quot;&quot;,&quot;bottom&quot;:&quot;&quot;,&quot;left&quot;:&quot;&quot;,&quot;isLinked&quot;:true}}\" data-elementor-post-type=\"page\">\n\t\t\t\t<div class=\"elementor-element elementor-element-5634b97 e-flex e-con-boxed e-con e-parent\" data-id=\"5634b97\" data-element_type=\"container\" data-e-type=\"container\" data-settings=\"{&quot;background_background&quot;:&quot;classic&quot;}\">\n\t\t\t\t\t<div class=\"e-con-inner\">\n\t\t<div class=\"elementor-element elementor-element-5c7e7e4 e-con-full e-flex e-con e-child\" data-id=\"5c7e7e4\" data-element_type=\"container\" data-e-type=\"container\">\n\t\t<div class=\"elementor-element elementor-element-d8d4791 e-con-full e-flex e-con e-child\" data-id=\"d8d4791\" data-element_type=\"container\" data-e-type=\"container\" data-settings=\"{&quot;background_background&quot;:&quot;classic&quot;}\">\n\t\t<div class=\"elementor-element elementor-element-04a06b1 e-con-full e-flex e-con e-child\" data-id=\"04a06b1\" data-element_type=\"container\" data-e-type=\"container\">\n\t\t\t\t<\/div>\n\t\t\t\t<\/div>\n\t\t\t\t<\/div>\n\t\t<div class=\"elementor-element elementor-element-903838e e-con-full e-grid e-con e-child\" data-id=\"903838e\" data-element_type=\"container\" data-e-type=\"container\">\n\t\t<div class=\"elementor-element elementor-element-697a985 e-con-full e-flex e-con e-child\" data-id=\"697a985\" data-element_type=\"container\" data-e-type=\"container\">\n\t\t\t\t<div class=\"elementor-element elementor-element-e991e77 elementor-widget__width-initial elementor-widget elementor-widget-text-editor\" data-id=\"e991e77\" data-element_type=\"widget\" data-e-type=\"widget\" data-widget_type=\"text-editor.default\">\n\t\t\t\t\t\t\t\t\tJ\u00e1 pensou em trabalhar em um lugar onde o crescimento \u00e9 coletivo e a coopera\u00e7\u00e3o faz parte do dia a dia? Aqui na MAKE+ \u00e9 assim!\nSe voc\u00ea chegou at\u00e9 aqui em busca de oportunidade, \u00e9 porque acredita em um trabalho com prop\u00f3sito. Mais do que oferecer solu\u00e7\u00f5es, promovemos transforma\u00e7\u00e3o \u2014 em nossos clientes, em nossas equipes e nas comunidades com as quais nos conectamos.\n\nAcreditamos no equil\u00edbrio entre inova\u00e7\u00e3o, impacto positivo e desenvolvimento humano. Estamos presentes em todo o Brasil e seguimos crescendo com consist\u00eancia, talento e colabora\u00e7\u00e3o.\nSe voc\u00ea tamb\u00e9m acredita em um ambiente onde as pessoas se desenvolvem juntas e onde prop\u00f3sito e resultado caminham lado a lado, venha construir o futuro com a gente.\nMAKE+. Juntos fazemos mais. Se tem MAKE tem + !\t\t\t\t\t\t\t\t<\/div>\n\t\t\t\t<div class=\"elementor-element elementor-element-697381e elementor-widget__width-initial elementor-widget elementor-widget-button\" data-id=\"697381e\" data-element_type=\"widget\" data-e-type=\"widget\" data-widget_type=\"button.default\">\n\t\t\t\t\t\t\t\t\t\t<a class=\"elementor-button elementor-button-link elementor-size-sm\" href=\"#elementor-action%3Aaction%3Dpopup%3Aopen%26settings%3DeyJpZCI6IjIzNTEiLCJ0b2dnbGUiOmZhbHNlfQ%3D%3D\">\n\t\t\t\t\t\t<span class=\"elementor-button-content-wrapper\">\n\t\t\t\t\t\t\t\t\t<span class=\"elementor-button-text\">Anexar Curr\u00edculo<\/span>\n\t\t\t\t\t<\/span>\n\t\t\t\t\t<\/a>\n\t\t\t\t\t\t\t\t<\/div>\n\t\t\t\t<\/div>\n\t\t<div class=\"elementor-element elementor-element-001139b e-con-full e-flex e-con e-child\" data-id=\"001139b\" data-element_type=\"container\" data-e-type=\"container\">\n\t\t\t\t<div class=\"elementor-element elementor-element-febf26f elementor-widget elementor-widget-image\" data-id=\"febf26f\" data-element_type=\"widget\" data-e-type=\"widget\" data-widget_type=\"image.default\">\n\t\t\t\t\t\t\t\t\t\t\t\t\t\t\t<img fetchpriority=\"high\" decoding=\"async\" width=\"800\" height=\"533\" src=\"https:\/\/produtosmakemais.com.br\/teste\/wp-content\/uploads\/2025\/05\/make313-1916x1277-1-1024x682.webp\" class=\"attachment-large size-large wp-image-1932\" alt=\"\" srcset=\"https:\/\/produtosmakemais.com.br\/teste\/wp-content\/uploads\/2025\/05\/make313-1916x1277-1-1024x682.webp 1024w, https:\/\/produtosmakemais.com.br\/teste\/wp-content\/uploads\/2025\/05\/make313-1916x1277-1-300x200.webp 300w, https:\/\/produtosmakemais.com.br\/teste\/wp-content\/uploads\/2025\/05\/make313-1916x1277-1-768x512.webp 768w, https:\/\/produtosmakemais.com.br\/teste\/wp-content\/uploads\/2025\/05\/make313-1916x1277-1-1536x1023.webp 1536w, https:\/\/produtosmakemais.com.br\/teste\/wp-content\/uploads\/2025\/05\/make313-1916x1277-1-600x400.webp 600w, https:\/\/produtosmakemais.com.br\/teste\/wp-content\/uploads\/2025\/05\/make313-1916x1277-1.webp 1600w\" sizes=\"(max-width: 800px) 100vw, 800px\" \/>\t\t\t\t\t\t\t\t\t\t\t\t\t\t\t<\/div>\n\t\t\t\t<\/div>\n\t\t\t\t<\/div>\n\t\t\t\t\t<\/div>\n\t\t\t\t<\/div>\n\t\t\t\t<\/div>\n\t\t","protected":false},"excerpt":{"rendered":"<p>J\u00e1 pensou em trabalhar em um lugar onde o crescimento \u00e9 coletivo e a coopera\u00e7\u00e3o faz parte do dia a dia? Aqui na MAKE+ \u00e9 assim! Se voc\u00ea chegou at\u00e9 aqui em busca de oportunidade, \u00e9 porque acredita em um trabalho com prop\u00f3sito. Mais do que oferecer solu\u00e7\u00f5es, promovemos transforma\u00e7\u00e3o \u2014 em nossos clientes, em [&hellip;]<\/p>\n","protected":false},"author":1,"featured_media":0,"parent":0,"menu_order":0,"comment_status":"closed","ping_status":"closed","template":"elementor_header_footer","meta":{"footnotes":""},"class_list":["post-2324","page","type-page","status-publish","hentry"],"_links":{"self":[{"href":"https:\/\/produtosmakemais.com.br\/teste\/wp-json\/wp\/v2\/pages\/2324","targetHints":{"allow":["GET"]}}],"collection":[{"href":"https:\/\/produtosmakemais.com.br\/teste\/wp-json\/wp\/v2\/pages"}],"about":[{"href":"https:\/\/produtosmakemais.com.br\/teste\/wp-json\/wp\/v2\/types\/page"}],"author":[{"embeddable":true,"href":"https:\/\/produtosmakemais.com.br\/teste\/wp-json\/wp\/v2\/users\/1"}],"replies":[{"embeddable":true,"href":"https:\/\/produtosmakemais.com.br\/teste\/wp-json\/wp\/v2\/comments?post=2324"}],"version-history":[{"count":223,"href":"https:\/\/produtosmakemais.com.br\/teste\/wp-json\/wp\/v2\/pages\/2324\/revisions"}],"predecessor-version":[{"id":15330,"href":"https:\/\/produtosmakemais.com.br\/teste\/wp-json\/wp\/v2\/pages\/2324\/revisions\/15330"}],"wp:attachment":[{"href":"https:\/\/produtosmakemais.com.br\/teste\/wp-json\/wp\/v2\/media?parent=2324"}],"curies":[{"name":"wp","href":"https:\/\/api.w.org\/{rel}","templated":true}]}}