{"id":3,"date":"2025-05-12T20:07:46","date_gmt":"2025-05-12T23:07:46","guid":{"rendered":"https:\/\/produtosmakemais.com.br\/teste\/?page_id=3"},"modified":"2026-04-09T17:52:12","modified_gmt":"2026-04-09T20:52:12","slug":"politica-de-privacidade","status":"publish","type":"page","link":"https:\/\/produtosmakemais.com.br\/teste\/politica-de-privacidade\/","title":{"rendered":"Pol\u00edtica de privacidade"},"content":{"rendered":"\t\t<div data-elementor-type=\"wp-page\" data-elementor-id=\"3\" class=\"elementor elementor-3\" data-elementor-settings=\"{&quot;element_pack_global_tooltip_width&quot;:{&quot;unit&quot;:&quot;px&quot;,&quot;size&quot;:&quot;&quot;,&quot;sizes&quot;:[]},&quot;element_pack_global_tooltip_width_tablet&quot;:{&quot;unit&quot;:&quot;px&quot;,&quot;size&quot;:&quot;&quot;,&quot;sizes&quot;:[]},&quot;element_pack_global_tooltip_width_mobile&quot;:{&quot;unit&quot;:&quot;px&quot;,&quot;size&quot;:&quot;&quot;,&quot;sizes&quot;:[]},&quot;element_pack_global_tooltip_padding&quot;:{&quot;unit&quot;:&quot;px&quot;,&quot;top&quot;:&quot;&quot;,&quot;right&quot;:&quot;&quot;,&quot;bottom&quot;:&quot;&quot;,&quot;left&quot;:&quot;&quot;,&quot;isLinked&quot;:true},&quot;element_pack_global_tooltip_padding_tablet&quot;:{&quot;unit&quot;:&quot;px&quot;,&quot;top&quot;:&quot;&quot;,&quot;right&quot;:&quot;&quot;,&quot;bottom&quot;:&quot;&quot;,&quot;left&quot;:&quot;&quot;,&quot;isLinked&quot;:true},&quot;element_pack_global_tooltip_padding_mobile&quot;:{&quot;unit&quot;:&quot;px&quot;,&quot;top&quot;:&quot;&quot;,&quot;right&quot;:&quot;&quot;,&quot;bottom&quot;:&quot;&quot;,&quot;left&quot;:&quot;&quot;,&quot;isLinked&quot;:true},&quot;element_pack_global_tooltip_border_radius&quot;:{&quot;unit&quot;:&quot;px&quot;,&quot;top&quot;:&quot;&quot;,&quot;right&quot;:&quot;&quot;,&quot;bottom&quot;:&quot;&quot;,&quot;left&quot;:&quot;&quot;,&quot;isLinked&quot;:true},&quot;element_pack_global_tooltip_border_radius_tablet&quot;:{&quot;unit&quot;:&quot;px&quot;,&quot;top&quot;:&quot;&quot;,&quot;right&quot;:&quot;&quot;,&quot;bottom&quot;:&quot;&quot;,&quot;left&quot;:&quot;&quot;,&quot;isLinked&quot;:true},&quot;element_pack_global_tooltip_border_radius_mobile&quot;:{&quot;unit&quot;:&quot;px&quot;,&quot;top&quot;:&quot;&quot;,&quot;right&quot;:&quot;&quot;,&quot;bottom&quot;:&quot;&quot;,&quot;left&quot;:&quot;&quot;,&quot;isLinked&quot;:true}}\" data-elementor-post-type=\"page\">\n\t\t\t\t<div class=\"elementor-element elementor-element-98e5b26 e-flex e-con-boxed e-con e-parent\" data-id=\"98e5b26\" data-element_type=\"container\" data-e-type=\"container\" data-settings=\"{&quot;background_background&quot;:&quot;classic&quot;}\">\n\t\t\t\t\t<div class=\"e-con-inner\">\n\t\t\t\t<div class=\"elementor-element elementor-element-2e30b8f1 elementor-widget__width-initial elementor-widget-tablet__width-inherit elementor-widget elementor-widget-text-editor\" data-id=\"2e30b8f1\" data-element_type=\"widget\" data-e-type=\"widget\" data-widget_type=\"text-editor.default\">\n\t\t\t\t\t\t\t\t\t\n<p data-start=\"234\" data-end=\"298\">O endere\u00e7o do nosso site \u00e9: <strong data-start=\"262\" data-end=\"297\"><a class=\"decorated-link\" href=\"https:\/\/produtosmakemais.com.br\/teste\" target=\"_new\" rel=\"noopener\" data-start=\"264\" data-end=\"295\">https:\/\/produtosmakemais.com.br\/teste<\/a><\/strong>.<\/p>\n<hr data-start=\"300\" data-end=\"303\" \/>\n<h2 class=\"wp-block-heading\" data-start=\"305\" data-end=\"319\">Coment\u00e1rios<\/h2>\n<p data-start=\"321\" data-end=\"563\">Quando os visitantes deixam coment\u00e1rios no site <strong data-start=\"369\" data-end=\"396\">produtosmakemais.com.br<\/strong>, coletamos os dados exibidos no formul\u00e1rio de coment\u00e1rios, al\u00e9m do endere\u00e7o de IP e dados do navegador do visitante, com a finalidade de auxiliar na detec\u00e7\u00e3o de spam.<\/p>\n<p data-start=\"565\" data-end=\"936\">Uma sequ\u00eancia anonimizada de caracteres (hash) criada a partir do seu endere\u00e7o de e-mail poder\u00e1 ser enviada para o servi\u00e7o Gravatar para verificar se voc\u00ea utiliza esse servi\u00e7o. A pol\u00edtica de privacidade do Gravatar est\u00e1 dispon\u00edvel em: <a class=\"decorated-link\" href=\"https:\/\/automattic.com\/privacy\/\" target=\"_new\" rel=\"noopener\" data-start=\"800\" data-end=\"831\">https:\/\/automattic.com\/privacy\/<\/a>.<br data-start=\"832\" data-end=\"835\" \/>Ap\u00f3s a aprova\u00e7\u00e3o do coment\u00e1rio, a foto do seu perfil ficar\u00e1 vis\u00edvel publicamente junto ao coment\u00e1rio.<\/p>\n<hr data-start=\"938\" data-end=\"941\" \/>\n<h2 data-start=\"943\" data-end=\"951\">M\u00eddia<\/h2>\n<p data-start=\"953\" data-end=\"1179\">Se voc\u00ea enviar imagens para o site <strong data-start=\"988\" data-end=\"1015\">produtosmakemais.com.br<\/strong>, evite enviar imagens que contenham dados de localiza\u00e7\u00e3o incorporados (EXIF GPS). Visitantes podem baixar essas imagens e extrair delas informa\u00e7\u00f5es de localiza\u00e7\u00e3o.<\/p>\n<hr data-start=\"1181\" data-end=\"1184\" \/>\n<h2 data-start=\"1186\" data-end=\"1196\">Cookies<\/h2>\n<p data-start=\"1198\" data-end=\"1469\">Ao deixar um coment\u00e1rio no <strong data-start=\"1225\" data-end=\"1252\">produtosmakemais.com.br<\/strong>, voc\u00ea poder\u00e1 optar por salvar seu nome, e-mail e site em cookies. Isso \u00e9 feito para sua conveni\u00eancia, para que n\u00e3o seja necess\u00e1rio preencher seus dados novamente em coment\u00e1rios futuros. Esses cookies duram <strong data-start=\"1459\" data-end=\"1468\">1 ano<\/strong>.<\/p>\n<p data-start=\"1471\" data-end=\"1675\">Se voc\u00ea possui uma conta e acessa este site, um cookie tempor\u00e1rio ser\u00e1 criado para determinar se o seu navegador aceita cookies. Esse cookie n\u00e3o cont\u00e9m dados pessoais e \u00e9 descartado ao fechar o navegador.<\/p>\n<p data-start=\"1677\" data-end=\"1806\">Quando voc\u00ea acessa sua conta no site, criamos cookies para salvar suas informa\u00e7\u00f5es de login e prefer\u00eancias de exibi\u00e7\u00e3o de tela.<\/p>\n<ul data-start=\"1807\" data-end=\"1967\">\n<li data-start=\"1807\" data-end=\"1844\">\n<p data-start=\"1809\" data-end=\"1844\">Cookies de login duram <strong data-start=\"1832\" data-end=\"1842\">2 dias<\/strong><\/p>\n<\/li>\n<li data-start=\"1845\" data-end=\"1890\">\n<p data-start=\"1847\" data-end=\"1890\">Cookies de op\u00e7\u00f5es de tela duram <strong data-start=\"1879\" data-end=\"1888\">1 ano<\/strong><\/p>\n<\/li>\n<li data-start=\"1891\" data-end=\"1967\">\n<p data-start=\"1893\" data-end=\"1967\">Se voc\u00ea selecionar \u201cLembrar-me\u201d, seu acesso ser\u00e1 mantido por <strong data-start=\"1954\" data-end=\"1967\">2 semanas<\/strong><\/p>\n<\/li>\n<\/ul>\n<p data-start=\"1969\" data-end=\"2021\">Ao sair da conta, os cookies de login s\u00e3o removidos.<\/p>\n<p data-start=\"2023\" data-end=\"2212\">Se voc\u00ea editar ou publicar um artigo, um cookie adicional ser\u00e1 salvo no seu navegador. Esse cookie n\u00e3o inclui dados pessoais e apenas indica o ID do post editado. Ele expira ap\u00f3s <strong data-start=\"2202\" data-end=\"2211\">1 dia<\/strong>.<\/p>\n<hr data-start=\"2214\" data-end=\"2217\" \/>\n<h2 data-start=\"2219\" data-end=\"2255\">M\u00eddia incorporada de outros sites<\/h2>\n<p data-start=\"2257\" data-end=\"2508\">Artigos publicados no <strong data-start=\"2279\" data-end=\"2306\">produtosmakemais.com.br<\/strong> podem incluir conte\u00fado incorporado (como v\u00eddeos, imagens ou artigos). Conte\u00fados incorporados de outros sites se comportam da mesma forma como se o visitante estivesse acessando diretamente esses sites.<\/p>\n<p data-start=\"2510\" data-end=\"2748\">Esses sites podem coletar dados sobre voc\u00ea, utilizar cookies, incorporar rastreamento adicional de terceiros e monitorar sua intera\u00e7\u00e3o com esse conte\u00fado incorporado, especialmente se voc\u00ea tiver uma conta e estiver conectado a esses sites.<\/p>\n<hr data-start=\"2750\" data-end=\"2753\" \/>\n<h2 data-start=\"2755\" data-end=\"2792\">Com quem compartilhamos seus dados<\/h2>\n<p data-start=\"2794\" data-end=\"2934\">Se voc\u00ea solicitar uma redefini\u00e7\u00e3o de senha, seu endere\u00e7o de IP ser\u00e1 inclu\u00eddo no e-mail de redefini\u00e7\u00e3o de senha enviado pelo sistema do site.<\/p>\n<hr data-start=\"2936\" data-end=\"2939\" \/>\n<h2 data-start=\"2941\" data-end=\"2983\">Por quanto tempo mantemos os seus dados<\/h2>\n<p data-start=\"2985\" data-end=\"3239\">Se voc\u00ea deixar um coment\u00e1rio no <strong data-start=\"3017\" data-end=\"3044\">produtosmakemais.com.br<\/strong>, o coment\u00e1rio e seus metadados ser\u00e3o mantidos por tempo indeterminado. Isso permite que coment\u00e1rios futuros sejam reconhecidos e aprovados automaticamente, sem a necessidade de modera\u00e7\u00e3o manual.<\/p>\n<p data-start=\"3241\" data-end=\"3569\">Para usu\u00e1rios que se registrarem no site (se aplic\u00e1vel), armazenamos as informa\u00e7\u00f5es pessoais fornecidas no perfil do usu\u00e1rio. Todos os usu\u00e1rios podem visualizar, editar ou excluir suas informa\u00e7\u00f5es pessoais a qualquer momento (exceto o nome de usu\u00e1rio). Administradores do site tamb\u00e9m podem visualizar e editar essas informa\u00e7\u00f5es.<\/p>\n<hr data-start=\"3571\" data-end=\"3574\" \/>\n<h2 data-start=\"3576\" data-end=\"3622\">Quais s\u00e3o os seus direitos sobre seus dados<\/h2>\n<p data-start=\"3624\" data-end=\"3816\">Se voc\u00ea possuir uma conta neste site ou tiver deixado coment\u00e1rios, poder\u00e1 solicitar um arquivo exportado com os dados pessoais que mantemos sobre voc\u00ea, incluindo qualquer informa\u00e7\u00e3o fornecida.<\/p>\n<p data-start=\"3818\" data-end=\"3990\">Voc\u00ea tamb\u00e9m pode solicitar a exclus\u00e3o de dados pessoais armazenados. Isso n\u00e3o inclui dados que somos obrigados a manter por motivos administrativos, legais ou de seguran\u00e7a.<\/p>\n<hr data-start=\"3992\" data-end=\"3995\" \/>\n<h2 data-start=\"3997\" data-end=\"4033\">Para onde seus dados s\u00e3o enviados<\/h2>\n<p data-start=\"4035\" data-end=\"4204\">Coment\u00e1rios de visitantes podem ser analisados por um servi\u00e7o autom\u00e1tico de detec\u00e7\u00e3o de spam para garantir a seguran\u00e7a e integridade do site <strong data-start=\"4176\" data-end=\"4203\">produtosmakemais.com.br<\/strong>.<\/p>\t\t\t\t\t\t\t\t<\/div>\n\t\t\t\t\t<\/div>\n\t\t\t\t<\/div>\n\t\t\t\t<\/div>\n\t\t","protected":false},"excerpt":{"rendered":"<p>O endere\u00e7o do nosso site \u00e9: https:\/\/produtosmakemais.com.br\/teste. Coment\u00e1rios Quando os visitantes deixam coment\u00e1rios no site produtosmakemais.com.br, coletamos os dados exibidos no formul\u00e1rio de coment\u00e1rios, al\u00e9m do endere\u00e7o de IP e dados do navegador do visitante, com a finalidade de auxiliar na detec\u00e7\u00e3o de spam. Uma sequ\u00eancia anonimizada de caracteres (hash) criada a partir do seu [&hellip;]<\/p>\n","protected":false},"author":1,"featured_media":0,"parent":0,"menu_order":0,"comment_status":"closed","ping_status":"open","template":"elementor_header_footer","meta":{"footnotes":""},"class_list":["post-3","page","type-page","status-publish","hentry"],"_links":{"self":[{"href":"https:\/\/produtosmakemais.com.br\/teste\/wp-json\/wp\/v2\/pages\/3","targetHints":{"allow":["GET"]}}],"collection":[{"href":"https:\/\/produtosmakemais.com.br\/teste\/wp-json\/wp\/v2\/pages"}],"about":[{"href":"https:\/\/produtosmakemais.com.br\/teste\/wp-json\/wp\/v2\/types\/page"}],"author":[{"embeddable":true,"href":"https:\/\/produtosmakemais.com.br\/teste\/wp-json\/wp\/v2\/users\/1"}],"replies":[{"embeddable":true,"href":"https:\/\/produtosmakemais.com.br\/teste\/wp-json\/wp\/v2\/comments?post=3"}],"version-history":[{"count":42,"href":"https:\/\/produtosmakemais.com.br\/teste\/wp-json\/wp\/v2\/pages\/3\/revisions"}],"predecessor-version":[{"id":15151,"href":"https:\/\/produtosmakemais.com.br\/teste\/wp-json\/wp\/v2\/pages\/3\/revisions\/15151"}],"wp:attachment":[{"href":"https:\/\/produtosmakemais.com.br\/teste\/wp-json\/wp\/v2\/media?parent=3"}],"curies":[{"name":"wp","href":"https:\/\/api.w.org\/{rel}","templated":true}]}}